{"id":95,"date":"2025-02-21T13:20:45","date_gmt":"2025-02-21T19:20:45","guid":{"rendered":"https:\/\/netlogsolutions.com.mx\/homepage"},"modified":"2025-02-23T20:58:22","modified_gmt":"2025-02-24T02:58:22","slug":"homepage","status":"publish","type":"page","link":"https:\/\/netlogsolutions.com.mx\/","title":{"rendered":"Inicio"},"content":{"rendered":"\n<div style=\"background-color:#000000;padding-left:8%;padding-right:8%;padding-bottom:30%;padding-top:30%\" class=\"wp-block-genesis-blocks-gb-container narrow-content light-text myslider gb-block-container alignfull\"><div class=\"gb-container-inside\"><div class=\"gb-container-image-wrap\"><img decoding=\"async\" class=\"gb-container-image has-background-dim-30 has-background-dim\" src=\"https:\/\/netlogsolutions.com.mx\/wp-content\/uploads\/2025\/02\/optimized_office_image.jpg\" alt=\"\"\/><\/div><div class=\"gb-container-content\" style=\"max-width:1200px\">\n<h1 class=\"wp-block-heading has-text-align-left bold-heading-text fade-in-up\"><strong>Soluciones log\u00edsticas eficientes y personalizadas<\/strong>.<\/h1>\n\n\n\n<p class=\"fade-in-up has-text-color has-small-font-size\" style=\"color:#ffffff\">En <strong>Netlog Solutions<\/strong> tenemos m\u00e1s<em> 15 a\u00f1os brindando log\u00edstica inteligente para tu negocio<\/em>.<\/p>\n<\/div><\/div><\/div>\n\n\n\n<div style=\"padding-left:8%;padding-right:8%;padding-bottom:4%;padding-top:4%\" class=\"wp-block-genesis-blocks-gb-container gb-block-container alignfull\"><div class=\"gb-container-inside\"><div class=\"gb-container-content\" style=\"max-width:1200px\">\n<h2 class=\"wp-block-heading bold-text fade-in-up\"><strong><strong>\u00bfQui\u00e9nes somos?<\/strong><\/strong><\/h2>\n\n\n\n<p class=\"fade-in-up\">Somos&nbsp;<strong>Netlog Solutions<\/strong>, una empresa con m\u00e1s de 15 a\u00f1os de experiencia en log\u00edstica, especializada en&nbsp;<strong>transporte, almacenaje, aduanas y distribuci\u00f3n<\/strong>.<\/p>\n\n\n\n<p class=\"fade-in-up\">Nuestro enfoque est\u00e1 en brindar soluciones&nbsp;<strong>personalizadas, seguras y eficientes<\/strong>&nbsp;para empresas de todos los sectores.<\/p>\n\n\n\n<div class=\"wp-block-buttons is-content-justification-center is-layout-flex wp-container-core-buttons-is-layout-16018d1d wp-block-buttons-is-layout-flex\">\n<div class=\"wp-block-button\"><a class=\"wp-block-button__link has-text-align-left wp-element-button\" href=\"https:\/\/netlogsolutions.com.mx\/?page_id=97\">m\u00e1s informaci\u00f3n<\/a><\/div>\n<\/div>\n<\/div><\/div><\/div>\n\n\n\n<div style=\"background-color:#000000;padding-left:8%;padding-right:8%;padding-bottom:15%;padding-top:15%\" class=\"wp-block-genesis-blocks-gb-container light-text gb-block-container alignfull\"><div class=\"gb-container-inside\"><div class=\"gb-container-image-wrap\"><img decoding=\"async\" class=\"gb-container-image has-background-dim-30 has-background-dim\" src=\"https:\/\/netlogsolutions.com.mx\/wp-content\/uploads\/2025\/02\/optimized_logistics_network_image.jpg\" alt=\"\"\/><\/div><div class=\"gb-container-content\" style=\"max-width:1200px\">\n<h2 class=\"wp-block-heading has-text-align-left bold-text fade-in-up\">Nuestros servicios.<\/h2>\n\n\n\n<p class=\"fade-in-up has-text-color\" style=\"color:#ffffff\"><strong>Tu \u00e9xito log\u00edstico es nuestra misi\u00f3n.<\/strong><\/p>\n\n\n\n<div class=\"wp-block-columns fade-in-up brand-logos is-layout-flex wp-container-core-columns-is-layout-9d6595d7 wp-block-columns-is-layout-flex\">\n<div class=\"wp-block-column is-layout-flow wp-block-column-is-layout-flow\">\n<h3 class=\"wp-block-heading\"><strong>Transporte Terrestre<\/strong><\/h3>\n\n\n\n<p>Fletes nacionales e internacionales.<\/p>\n\n\n\n<p>Unidades especializadas para cualquier tipo de carga.<\/p>\n\n\n\n<div class=\"wp-block-buttons is-layout-flex wp-block-buttons-is-layout-flex\">\n<div class=\"wp-block-button\"><a class=\"wp-block-button__link wp-element-button\">M\u00e1s informaci\u00f3n<\/a><\/div>\n<\/div>\n<\/div>\n\n\n\n<div class=\"wp-block-column is-layout-flow wp-block-column-is-layout-flow\">\n<h3 class=\"wp-block-heading\"><strong><strong>Transporte A\u00e9reo<\/strong><\/strong><\/h3>\n\n\n\n<p>Soluciones r\u00e1pidas y eficientes para env\u00edos urgentes.<\/p>\n\n\n\n<p>Conexi\u00f3n con las principales aerol\u00edneas y rutas globales.<\/p>\n\n\n\n<div class=\"wp-block-buttons is-layout-flex wp-block-buttons-is-layout-flex\">\n<div class=\"wp-block-button\"><a class=\"wp-block-button__link wp-element-button\">m\u00e1s informaci\u00f3n<\/a><\/div>\n<\/div>\n<\/div>\n\n\n\n<div class=\"wp-block-column is-layout-flow wp-block-column-is-layout-flow\">\n<h3 class=\"wp-block-heading\"><strong><strong>Transporte Mar\u00edtimo<\/strong><\/strong><\/h3>\n\n\n\n<p>Alianzas con las mejores navieras del mundo.<\/p>\n\n\n\n<p>Servicio de contenedores completos (FCL) y compartidos (LCL).<\/p>\n\n\n\n<div class=\"wp-block-buttons is-layout-flex wp-block-buttons-is-layout-flex\">\n<div class=\"wp-block-button\"><a class=\"wp-block-button__link wp-element-button\">m\u00e1s informaci\u00f3n<\/a><\/div>\n<\/div>\n<\/div>\n\n\n\n<div class=\"wp-block-column is-layout-flow wp-block-column-is-layout-flow\">\n<h3 class=\"wp-block-heading\"><strong><strong>Almacenaje y Gesti\u00f3n de Inventarios<\/strong><\/strong><\/h3>\n\n\n\n<p>Infraestructura adaptada para cada tipo de mercanc\u00eda.<\/p>\n\n\n\n<p>Monitoreo y administraci\u00f3n digital de inventarios en tiempo real.<\/p>\n\n\n\n<div class=\"wp-block-buttons is-layout-flex wp-block-buttons-is-layout-flex\">\n<div class=\"wp-block-button\"><a class=\"wp-block-button__link wp-element-button\">m\u00e1s informaci\u00f3n<\/a><\/div>\n<\/div>\n<\/div>\n\n\n\n<div class=\"wp-block-column is-layout-flow wp-block-column-is-layout-flow\">\n<h3 class=\"wp-block-heading\"><strong><strong>Servicios Aduanales<\/strong><\/strong><\/h3>\n\n\n\n<p>Asesor\u00eda y gesti\u00f3n completa en importaci\u00f3n y exportaci\u00f3n.<\/p>\n\n\n\n<p>Seguridad legal y fiscal en cada tr\u00e1mite.<\/p>\n\n\n\n<div class=\"wp-block-buttons is-layout-flex wp-block-buttons-is-layout-flex\">\n<div class=\"wp-block-button\"><a class=\"wp-block-button__link wp-element-button\">m\u00e1s informaci\u00f3n<\/a><\/div>\n<\/div>\n<\/div>\n\n\n\n<div class=\"wp-block-column is-layout-flow wp-block-column-is-layout-flow\">\n<h3 class=\"wp-block-heading\"><strong><strong><strong>Paqueter\u00eda y Distribuci\u00f3n<\/strong><\/strong><\/strong><\/h3>\n\n\n\n<p>Env\u00edos con proveedores de prestigio: DHL, FedEx, UPS, Estafeta.<\/p>\n\n\n\n<p>Cobertura nacional e internacional.<\/p>\n\n\n\n<div class=\"wp-block-buttons is-layout-flex wp-block-buttons-is-layout-flex\">\n<div class=\"wp-block-button\"><a class=\"wp-block-button__link wp-element-button\">m\u00e1s informaci\u00f3n<\/a><\/div>\n<\/div>\n<\/div>\n<\/div>\n<\/div><\/div><\/div>\n\n\n\n<div style=\"padding-left:8%;padding-right:8%;padding-bottom:5%;padding-top:5%\" class=\"wp-block-genesis-blocks-gb-container gb-block-container alignfull\"><div class=\"gb-container-inside\"><div class=\"gb-container-content\" style=\"max-width:1200px\">\n<h2 class=\"wp-block-heading bold-text fade-in-up\">Nuestras<strong> ventajas<\/strong>:<\/h2>\n\n\n\n<div class=\"wp-block-columns has-3-columns fade-in-up is-layout-flex wp-container-core-columns-is-layout-9d6595d7 wp-block-columns-is-layout-flex\">\n<div class=\"wp-block-column is-layout-flow wp-block-column-is-layout-flow\">\n<h3 class=\"wp-block-heading\">Red de transporte confiable con cobertura global<\/h3>\n<\/div>\n\n\n\n<div class=\"wp-block-column is-layout-flow wp-block-column-is-layout-flow\">\n<h3 class=\"wp-block-heading\">Procesos optimizados para reducir costos y tiempos de entrega<\/h3>\n<\/div>\n\n\n\n<div class=\"wp-block-column is-layout-flow wp-block-column-is-layout-flow\">\n<h3 class=\"wp-block-heading\">Monitoreo en tiempo real para mayor seguridad<\/h3>\n<\/div>\n\n\n\n<div class=\"wp-block-column is-layout-flow wp-block-column-is-layout-flow\">\n<h3 class=\"wp-block-heading\">Asesor\u00eda en log\u00edstica internacional y comercio exterior<\/h3>\n<\/div>\n<\/div>\n<\/div><\/div><\/div>\n\n\n\n<div style=\"padding-left:8%;padding-right:8%;padding-bottom:2%;padding-top:10%\" class=\"wp-block-genesis-blocks-gb-container gb-block-container alignfull\"><div class=\"gb-container-inside\"><div class=\"gb-container-content\" style=\"max-width:1200px\">\n<div style=\"color:#ddd\" class=\"wp-block-genesis-blocks-gb-spacer gb-block-spacer gb-divider-solid gb-divider-size-1\"><hr style=\"height:30px\"\/><\/div>\n\n\n<\/div><\/div><\/div>\n","protected":false},"excerpt":{"rendered":"","protected":false},"author":1,"featured_media":0,"parent":0,"menu_order":0,"comment_status":"closed","ping_status":"closed","template":"","meta":{"_genesis_hide_title":true,"_genesis_hide_breadcrumbs":true,"_genesis_hide_singular_image":true,"_genesis_hide_footer_widgets":false,"_genesis_custom_body_class":"","_genesis_custom_post_class":"","_genesis_layout":"full-width-content","footnotes":""},"class_list":{"0":"post-95","1":"page","2":"type-page","3":"status-publish","5":"entry"},"featured_image_src":null,"featured_image_src_square":null,"_links":{"self":[{"href":"https:\/\/netlogsolutions.com.mx\/index.php?rest_route=\/wp\/v2\/pages\/95","targetHints":{"allow":["GET"]}}],"collection":[{"href":"https:\/\/netlogsolutions.com.mx\/index.php?rest_route=\/wp\/v2\/pages"}],"about":[{"href":"https:\/\/netlogsolutions.com.mx\/index.php?rest_route=\/wp\/v2\/types\/page"}],"author":[{"embeddable":true,"href":"https:\/\/netlogsolutions.com.mx\/index.php?rest_route=\/wp\/v2\/users\/1"}],"replies":[{"embeddable":true,"href":"https:\/\/netlogsolutions.com.mx\/index.php?rest_route=%2Fwp%2Fv2%2Fcomments&post=95"}],"version-history":[{"count":48,"href":"https:\/\/netlogsolutions.com.mx\/index.php?rest_route=\/wp\/v2\/pages\/95\/revisions"}],"predecessor-version":[{"id":312,"href":"https:\/\/netlogsolutions.com.mx\/index.php?rest_route=\/wp\/v2\/pages\/95\/revisions\/312"}],"wp:attachment":[{"href":"https:\/\/netlogsolutions.com.mx\/index.php?rest_route=%2Fwp%2Fv2%2Fmedia&parent=95"}],"curies":[{"name":"wp","href":"https:\/\/api.w.org\/{rel}","templated":true}]}}