{"id":97,"date":"2025-02-21T13:20:45","date_gmt":"2025-02-21T19:20:45","guid":{"rendered":"https:\/\/netlogsolutions.com.mx\/about-us"},"modified":"2025-02-23T22:02:35","modified_gmt":"2025-02-24T04:02:35","slug":"about-us","status":"publish","type":"page","link":"https:\/\/netlogsolutions.com.mx\/?page_id=97","title":{"rendered":"\u00bfQui\u00e9nes somos?"},"content":{"rendered":"\n<div style=\"background-color:#000000;padding-left:8%;padding-right:8%;padding-bottom:30%;padding-top:30%;margin-bottom:8%\" class=\"wp-block-genesis-blocks-gb-container narrow-content light-text mypage2 gb-block-container alignfull\"><div class=\"gb-container-inside\"><div class=\"gb-container-image-wrap\"><img decoding=\"async\" class=\"gb-container-image has-background-dim-60 has-background-dim\" src=\"https:\/\/netlogsolutions.com.mx\/wp-content\/uploads\/2025\/02\/optimized_woman_image_4-e1740274905252.jpg\" alt=\"\"\/><\/div><div class=\"gb-container-content\" style=\"max-width:1200px\">\n<h1 class=\"wp-block-heading has-text-align-left bold-heading-text fade-in-up\">\u00bf<strong><strong>Qui\u00e9nes Somos<\/strong><\/strong>?<\/h1>\n\n\n\n<p class=\"fade-in-up has-text-color has-small-font-size\" style=\"color:#ffffff\"><strong>Netlog Solutions<\/strong>&nbsp;es una empresa l\u00edder en el sector de la log\u00edstica y el transporte, con m\u00e1s de&nbsp;<strong>15 a\u00f1os de experiencia<\/strong>brindando soluciones a empresas de todos los tama\u00f1os. Nos especializamos en ofrecer servicios de&nbsp;<strong>transporte terrestre, a\u00e9reo y mar\u00edtimo<\/strong>, as\u00ed como&nbsp;<strong>almacenaje, control de inventarios, servicios aduanales<\/strong>&nbsp;y&nbsp;<strong>paqueter\u00eda<\/strong>.<\/p>\n\n\n\n<p class=\"fade-in-up has-text-color has-small-font-size\" style=\"color:#ffffff\">Nuestra misi\u00f3n es proporcionar&nbsp;<strong>soluciones log\u00edsticas integrales<\/strong>, basadas en la eficiencia, el profesionalismo y la innovaci\u00f3n. Estamos comprometidos en brindar un servicio&nbsp;<strong>personalizado y adaptado<\/strong>&nbsp;a las necesidades espec\u00edficas de cada cliente, garantizando que cada env\u00edo llegue a su destino de forma segura, puntual y a un costo competitivo.<\/p>\n<\/div><\/div><\/div>\n\n\n\n<div style=\"padding-left:8%;padding-right:8%;padding-bottom:4%;padding-top:4%;margin-bottom:2%\" class=\"wp-block-genesis-blocks-gb-container gb-block-container alignfull\"><div class=\"gb-container-inside\"><div class=\"gb-container-content\" style=\"max-width:1200px\">\n<h2 class=\"wp-block-heading bold-text fade-in-up\"><strong><strong><strong>Misi\u00f3n<\/strong><\/strong><\/strong><\/h2>\n\n\n\n<p>Brindar&nbsp;<strong>soluciones log\u00edsticas inteligentes y personalizadas<\/strong>&nbsp;que optimicen la cadena de suministro de nuestros clientes, garantizando la m\u00e1xima eficiencia en cada fase del proceso, desde la recolecci\u00f3n hasta la entrega final.<\/p>\n\n\n\n<div class=\"wp-block-genesis-blocks-gb-pricing gb-pricing-columns-2\"><div class=\"gb-pricing-table-wrap gb-block-pricing-table-gap-2\">\n<div class=\"wp-block-genesis-blocks-gb-pricing-table gb-block-pricing-table-center gb-block-pricing-table\" itemscope itemtype=\"http:\/\/schema.org\/Product\"><div class=\"gb-block-pricing-table-inside\" style=\"border-width:2px;border-style:solid\">\n<div itemprop=\"name\" style=\"padding-top:30px;padding-right:20px;padding-bottom:10px;padding-left:20px\" class=\"wp-block-genesis-blocks-gb-pricing-table-title gb-pricing-table-title has-medium-font-size\"><strong>Visi\u00f3n<\/strong><\/div>\n\n\n<div class=\"wp-block-image is-style-default\">\n<figure class=\"aligncenter size-full is-resized\"><img loading=\"lazy\" decoding=\"async\" width=\"1024\" height=\"1024\" src=\"https:\/\/netlogsolutions.com.mx\/wp-content\/uploads\/2025\/02\/optimized_ceo_image.jpg\" alt=\"\" class=\"wp-image-236\" style=\"aspect-ratio:1;object-fit:cover;width:580px\" srcset=\"https:\/\/netlogsolutions.com.mx\/wp-content\/uploads\/2025\/02\/optimized_ceo_image.jpg 1024w, https:\/\/netlogsolutions.com.mx\/wp-content\/uploads\/2025\/02\/optimized_ceo_image-300x300.jpg 300w, https:\/\/netlogsolutions.com.mx\/wp-content\/uploads\/2025\/02\/optimized_ceo_image-150x150.jpg 150w, https:\/\/netlogsolutions.com.mx\/wp-content\/uploads\/2025\/02\/optimized_ceo_image-768x768.jpg 768w, https:\/\/netlogsolutions.com.mx\/wp-content\/uploads\/2025\/02\/optimized_ceo_image-80x80.jpg 80w, https:\/\/netlogsolutions.com.mx\/wp-content\/uploads\/2025\/02\/optimized_ceo_image-600x600.jpg 600w\" sizes=\"auto, (max-width: 1024px) 100vw, 1024px\" \/><\/figure>\n<\/div>\n\n\n<div class=\"wp-block-genesis-blocks-gb-pricing-table-subtitle gb-pricing-table-subtitle\" style=\"font-size:20px;padding-top:10px;padding-right:20px;padding-bottom:10px;padding-left:20px\">Ser\u00a0<strong>l\u00edderes globales en soluciones log\u00edsticas<\/strong>\u00a0innovadoras y sostenibles, reconocidos por nuestro compromiso con la calidad, el servicio al cliente y la constante evoluci\u00f3n en nuestros procesos.<\/div>\n<\/div><\/div>\n\n\n\n<div class=\"wp-block-genesis-blocks-gb-pricing-table gb-block-pricing-table-center gb-block-pricing-table\" itemscope itemtype=\"http:\/\/schema.org\/Product\"><div class=\"gb-block-pricing-table-inside\" style=\"border-width:2px;border-style:solid\">\n<div itemprop=\"name\" style=\"padding-top:30px;padding-right:20px;padding-bottom:10px;padding-left:20px\" class=\"wp-block-genesis-blocks-gb-pricing-table-title gb-pricing-table-title has-medium-font-size\"><strong><strong>Nuestros Valores<\/strong><\/strong><\/div>\n\n\n<div class=\"wp-block-image is-style-default\">\n<figure class=\"aligncenter size-full is-resized\"><img loading=\"lazy\" decoding=\"async\" width=\"1024\" height=\"1024\" src=\"https:\/\/netlogsolutions.com.mx\/wp-content\/uploads\/2025\/02\/optimized_woman_image_6.jpg\" alt=\"\" class=\"wp-image-233\" style=\"aspect-ratio:1;object-fit:cover;width:580px\" srcset=\"https:\/\/netlogsolutions.com.mx\/wp-content\/uploads\/2025\/02\/optimized_woman_image_6.jpg 1024w, https:\/\/netlogsolutions.com.mx\/wp-content\/uploads\/2025\/02\/optimized_woman_image_6-300x300.jpg 300w, https:\/\/netlogsolutions.com.mx\/wp-content\/uploads\/2025\/02\/optimized_woman_image_6-150x150.jpg 150w, https:\/\/netlogsolutions.com.mx\/wp-content\/uploads\/2025\/02\/optimized_woman_image_6-768x768.jpg 768w, https:\/\/netlogsolutions.com.mx\/wp-content\/uploads\/2025\/02\/optimized_woman_image_6-80x80.jpg 80w, https:\/\/netlogsolutions.com.mx\/wp-content\/uploads\/2025\/02\/optimized_woman_image_6-600x600.jpg 600w\" sizes=\"auto, (max-width: 1024px) 100vw, 1024px\" \/><\/figure>\n<\/div>\n\n\n<div class=\"wp-block-genesis-blocks-gb-pricing-table-subtitle gb-pricing-table-subtitle\" style=\"font-size:20px;padding-top:10px;padding-right:20px;padding-bottom:10px;padding-left:20px\"><strong>Compromiso<\/strong>: trabajamos cada d\u00eda para cumplir con los m\u00e1s altos est\u00e1ndares de calidad.<br><strong>Innovaci\u00f3n<\/strong>: buscamos siempre nuevas formas de mejorar nuestros servicios.<br><strong>Confianza<\/strong>: nos ganamos la confianza de nuestros clientes a trav\u00e9s de resultados consistentes y transparentes.<br><strong>Eficiencia<\/strong>: cada decisi\u00f3n que tomamos est\u00e1 orientada a mejorar la eficiencia y reducir costos.<\/div>\n<\/div><\/div>\n<\/div><\/div>\n<\/div><\/div><\/div>\n\n\n\n<div style=\"padding-left:8%;padding-right:8%;padding-bottom:4%\" class=\"wp-block-genesis-blocks-gb-container gb-block-container alignfull\"><div class=\"gb-container-inside\"><div class=\"gb-container-content\" style=\"max-width:1200px\">\n<h2 class=\"wp-block-heading bold-text fade-in-up\"><strong><strong><strong>Objetivos<\/strong><\/strong><\/strong><\/h2>\n\n\n\n<div style=\"color:#ddd\" class=\"wp-block-genesis-blocks-gb-spacer gb-block-spacer gb-divider-solid gb-divider-size-1\"><hr style=\"height:30px\"\/><\/div>\n\n\n\n<div class=\"wp-block-columns is-layout-flex wp-container-core-columns-is-layout-9d6595d7 wp-block-columns-is-layout-flex\">\n<div class=\"wp-block-column is-layout-flow wp-block-column-is-layout-flow\">\n<p><strong>Optimizar los procesos log\u00edsticos:<\/strong>&nbsp;implementar tecnolog\u00eda avanzada y metodolog\u00edas eficientes para garantizar una gesti\u00f3n efectiva de la cadena de suministro.<\/p>\n\n\n\n<p><strong>Aumentar la satisfacci\u00f3n del cliente:<\/strong>&nbsp;ofrecer servicios personalizados y de alta calidad, atendiendo las necesidades espec\u00edficas de cada cliente.<\/p>\n<\/div>\n\n\n\n<div class=\"wp-block-column is-layout-flow wp-block-column-is-layout-flow\">\n<p><strong>Expandir la cobertura geogr\u00e1fica:<\/strong>&nbsp;establecer presencia en nuevos mercados nacionales e internacionales, asegurando la competitividad de nuestros servicios.<\/p>\n\n\n\n<p><strong>Promover la sostenibilidad:<\/strong>&nbsp;incorporar pr\u00e1cticas responsables y ecol\u00f3gicas en todas las etapas de nuestras operaciones log\u00edsticas.<\/p>\n<\/div>\n\n\n\n<div class=\"wp-block-column is-layout-flow wp-block-column-is-layout-flow\">\n<p><strong>Fomentar la innovaci\u00f3n:<\/strong>&nbsp;invertir en tecnolog\u00edas emergentes que permitan mejorar continuamente nuestras soluciones y procesos.<\/p>\n\n\n\n<p><strong>Fortalecer el talento humano:<\/strong>&nbsp;capacitar a nuestro equipo para garantizar un servicio profesional, eficiente y orientado al cliente.<\/p>\n<\/div>\n<\/div>\n\n\n\n<h2 class=\"wp-block-heading bold-text fade-in-up\"><strong><strong><strong><strong>\u00bfPor qu\u00e9 elegirnos?<\/strong><\/strong><\/strong><\/strong><\/h2>\n\n\n\n<div style=\"color:#ddd\" class=\"wp-block-genesis-blocks-gb-spacer gb-block-spacer gb-divider-solid gb-divider-size-1\"><hr style=\"height:35px\"\/><\/div>\n\n\n\n<p>\u2022 <strong>Experiencia<\/strong>: con m\u00e1s de 15 a\u00f1os en el mercado,&nbsp;<strong>Netlog Solutions<\/strong>&nbsp;ha adquirido una profunda comprensi\u00f3n de las necesidades log\u00edsticas de empresas de diversos sectores.<\/p>\n\n\n\n<p>\u2022&nbsp;<strong>Cobertura global<\/strong>: contamos con&nbsp;<strong>alianzas estrat\u00e9gicas<\/strong>&nbsp;con operadores internacionales, lo que nos permite ofrecer servicios de transporte a nivel mundial, garantizando cobertura en&nbsp;<strong>m\u00e1s de 150 pa\u00edses<\/strong>.<\/p>\n\n\n\n<p>\u2022&nbsp;<strong>Tecnolog\u00eda de vanguardia<\/strong>: implementamos herramientas digitales y sistemas de seguimiento en tiempo real para garantizar la transparencia y el control total de cada env\u00edo.<\/p>\n\n\n\n<p>\u2022&nbsp;<strong>Servicio personalizado<\/strong>: nuestros expertos trabajan mano a mano con cada cliente para dise\u00f1ar soluciones log\u00edsticas a medida, asegurando que cada env\u00edo se adapte a sus necesidades espec\u00edficas.<\/p>\n<\/div><\/div><\/div>\n\n\n\n<div style=\"background-color:#000000;padding-left:8%;padding-right:8%;padding-bottom:30%;padding-top:30%;margin-bottom:8%\" class=\"wp-block-genesis-blocks-gb-container narrow-content light-text gb-block-container alignfull\"><div class=\"gb-container-inside\"><div class=\"gb-container-image-wrap\"><img decoding=\"async\" class=\"gb-container-image has-background-dim-40 has-background-dim\" src=\"https:\/\/netlogsolutions.com.mx\/wp-content\/uploads\/2025\/02\/optimized_business_image.jpg\" alt=\"\"\/><\/div><div class=\"gb-container-content\" style=\"max-width:1200px\">\n<h1 class=\"wp-block-heading has-text-align-left bold-heading-text fade-in-up\"><strong>Nuestro equipo<\/strong><\/h1>\n\n\n\n<p class=\"fade-in-up has-text-color has-small-font-size\" style=\"color:#ffffff\">En&nbsp;<strong>Netlog Solutions<\/strong>, contamos con un equipo altamente calificado y comprometido con la excelencia. Nuestro personal est\u00e1 formado por expertos en&nbsp;<strong>log\u00edstica internacional<\/strong>,&nbsp;<strong>transporte de carga<\/strong>&nbsp;y&nbsp;<strong>comercio exterior<\/strong>, quienes tienen el conocimiento y la experiencia para gestionar cualquier tipo de necesidad log\u00edstica.<br><br><br>Nuestro equipo trabaja de manera colaborativa para proporcionar soluciones r\u00e1pidas y efectivas, siempre con el objetivo de ofrecer a nuestros clientes un&nbsp;<strong>servicio superior<\/strong>.<\/p>\n<\/div><\/div><\/div>\n\n\n\n<hr class=\"wp-block-separator has-css-opacity is-style-default\"\/>\n\n\n\n<h2 class=\"wp-block-heading\"><strong>Testimonios de nuestros clientes<\/strong><\/h2>\n\n\n\n<blockquote class=\"wp-block-quote has-text-align-center is-style-large is-layout-flow wp-block-quote-is-layout-flow\">\n<p><em>Desde que comenzamos a trabajar con Netlog Solutions, nuestra cadena de suministro se ha vuelto mucho m\u00e1s eficiente. Han logrado reducir nuestros tiempos de entrega y han mejorado la visibilidad de nuestros env\u00edos internacionales.<em>\u201d<\/em><\/em><\/p>\n<cite>\u2014 Eduardo Martinez, Director de Operaciones TSMTI<\/cite><\/blockquote>\n\n\n\n<blockquote class=\"wp-block-quote has-text-align-center is-style-large is-layout-flow wp-block-quote-is-layout-flow\">\n<p><em><em>La atenci\u00f3n al cliente de Netlog Solutions es excelente. Siempre est\u00e1n disponibles para resolver cualquier duda y asegurarse de que nuestros env\u00edos lleguen puntuales y sin problemas.\u201d<\/em><\/em><\/p>\n<cite>\u2014 Ana Mar\u00eda Jackson, Creativa <\/cite><\/blockquote>\n\n\n\n<div style=\"padding-left:8%;padding-right:8%;padding-bottom:4%\" class=\"wp-block-genesis-blocks-gb-container gb-block-container alignfull\"><div class=\"gb-container-inside\"><div class=\"gb-container-content\" style=\"max-width:1200px\">\n<h2 class=\"wp-block-heading bold-text fade-in-up\"><strong><strong><strong><strong>Nuestro compromiso con la sostenibilidad<\/strong><\/strong><\/strong><\/strong><\/h2>\n\n\n\n<div style=\"color:#ddd\" class=\"wp-block-genesis-blocks-gb-spacer gb-block-spacer gb-divider-solid gb-divider-size-1\"><hr style=\"height:30px\"\/><\/div>\n\n\n\n<div class=\"wp-block-columns is-layout-flex wp-container-core-columns-is-layout-9d6595d7 wp-block-columns-is-layout-flex\">\n<div class=\"wp-block-column is-layout-flow wp-block-column-is-layout-flow\"><div class=\"wp-block-image\">\n<figure class=\"aligncenter size-full\"><img loading=\"lazy\" decoding=\"async\" width=\"300\" height=\"300\" src=\"https:\/\/netlogsolutions.com.mx\/wp-content\/uploads\/2025\/01\/conductor-van-netlogsolutions-e1737918479178.png\" alt=\"\" class=\"wp-image-25\"\/><\/figure>\n<\/div><\/div>\n\n\n\n<div class=\"wp-block-column myborder is-layout-flow wp-block-column-is-layout-flow\">\n<p>En&nbsp;<strong>Netlog Solutions<\/strong>, nos esforzamos por ofrecer soluciones log\u00edsticas no solo eficientes, sino tambi\u00e9n&nbsp;<strong>sostenibles<\/strong>. Estamos comprometidos con la&nbsp;<strong>reducci\u00f3n de nuestra huella de carbono<\/strong>&nbsp;a trav\u00e9s de la optimizaci\u00f3n de rutas de transporte y la utilizaci\u00f3n de tecnolog\u00edas ecol\u00f3gicas en nuestros procesos.<\/p>\n<\/div>\n\n\n\n<div class=\"wp-block-column is-layout-flow wp-block-column-is-layout-flow\">\n<figure class=\"wp-block-image size-large\"><img loading=\"lazy\" decoding=\"async\" width=\"1024\" height=\"327\" src=\"https:\/\/netlogsolutions.com.mx\/wp-content\/uploads\/2025\/02\/optimized_model_image-1024x327.jpg\" alt=\"\" class=\"wp-image-278\"\/><\/figure>\n\n\n\n<div style=\"color:#ddd\" class=\"wp-block-genesis-blocks-gb-spacer gb-block-spacer gb-divider-solid gb-divider-size-1\"><hr style=\"height:30px\"\/><\/div>\n\n\n\n<figure class=\"wp-block-image size-large\"><img loading=\"lazy\" decoding=\"async\" width=\"1024\" height=\"384\" src=\"https:\/\/netlogsolutions.com.mx\/wp-content\/uploads\/2025\/02\/optimized_airport_worker-1024x384.jpg\" alt=\"\" class=\"wp-image-284\" srcset=\"https:\/\/netlogsolutions.com.mx\/wp-content\/uploads\/2025\/02\/optimized_airport_worker-1024x384.jpg 1024w, https:\/\/netlogsolutions.com.mx\/wp-content\/uploads\/2025\/02\/optimized_airport_worker-300x113.jpg 300w, https:\/\/netlogsolutions.com.mx\/wp-content\/uploads\/2025\/02\/optimized_airport_worker-768x288.jpg 768w, https:\/\/netlogsolutions.com.mx\/wp-content\/uploads\/2025\/02\/optimized_airport_worker.jpg 1536w\" sizes=\"auto, (max-width: 1024px) 100vw, 1024px\" \/><\/figure>\n<\/div>\n<\/div>\n<\/div><\/div><\/div>\n","protected":false},"excerpt":{"rendered":"<p>Testimonios de nuestros clientes Desde que comenzamos a trabajar con Netlog Solutions, nuestra cadena de suministro se ha vuelto mucho m\u00e1s eficiente. Han logrado reducir nuestros tiempos de entrega y han mejorado la visibilidad de nuestros env\u00edos internacionales.\u201d \u2014 Eduardo Martinez, Director de Operaciones TSMTI La atenci\u00f3n al cliente de Netlog Solutions es excelente. Siempre [&hellip;]<\/p>\n","protected":false},"author":1,"featured_media":196,"parent":0,"menu_order":0,"comment_status":"closed","ping_status":"closed","template":"","meta":{"_genesis_hide_title":true,"_genesis_hide_breadcrumbs":true,"_genesis_hide_singular_image":true,"_genesis_hide_footer_widgets":false,"_genesis_custom_body_class":"","_genesis_custom_post_class":"","_genesis_layout":"full-width-content","footnotes":""},"class_list":{"0":"post-97","1":"page","2":"type-page","3":"status-publish","4":"has-post-thumbnail","6":"entry"},"featured_image_src":"https:\/\/netlogsolutions.com.mx\/wp-content\/uploads\/2025\/02\/optimized_woman_image_4-e1740274905252-600x400.jpg","featured_image_src_square":"https:\/\/netlogsolutions.com.mx\/wp-content\/uploads\/2025\/02\/optimized_woman_image_4-e1740274905252-600x600.jpg","_links":{"self":[{"href":"https:\/\/netlogsolutions.com.mx\/index.php?rest_route=\/wp\/v2\/pages\/97","targetHints":{"allow":["GET"]}}],"collection":[{"href":"https:\/\/netlogsolutions.com.mx\/index.php?rest_route=\/wp\/v2\/pages"}],"about":[{"href":"https:\/\/netlogsolutions.com.mx\/index.php?rest_route=\/wp\/v2\/types\/page"}],"author":[{"embeddable":true,"href":"https:\/\/netlogsolutions.com.mx\/index.php?rest_route=\/wp\/v2\/users\/1"}],"replies":[{"embeddable":true,"href":"https:\/\/netlogsolutions.com.mx\/index.php?rest_route=%2Fwp%2Fv2%2Fcomments&post=97"}],"version-history":[{"count":72,"href":"https:\/\/netlogsolutions.com.mx\/index.php?rest_route=\/wp\/v2\/pages\/97\/revisions"}],"predecessor-version":[{"id":338,"href":"https:\/\/netlogsolutions.com.mx\/index.php?rest_route=\/wp\/v2\/pages\/97\/revisions\/338"}],"wp:featuredmedia":[{"embeddable":true,"href":"https:\/\/netlogsolutions.com.mx\/index.php?rest_route=\/wp\/v2\/media\/196"}],"wp:attachment":[{"href":"https:\/\/netlogsolutions.com.mx\/index.php?rest_route=%2Fwp%2Fv2%2Fmedia&parent=97"}],"curies":[{"name":"wp","href":"https:\/\/api.w.org\/{rel}","templated":true}]}}